{"id":11,"date":"2026-02-17T17:24:35","date_gmt":"2026-02-17T17:24:35","guid":{"rendered":"https:\/\/xboapcr.cluster121.hosting.ovh.net\/?page_id=11"},"modified":"2026-03-21T14:58:28","modified_gmt":"2026-03-21T14:58:28","slug":"accueil","status":"publish","type":"page","link":"https:\/\/roadtriptropiquesmartinique.com\/","title":{"rendered":"Accueil"},"content":{"rendered":"\n<p><\/p>\n\n\n\n<div class=\"wp-block-group hero-accueil is-layout-constrained wp-container-core-group-is-layout-9be8b066 wp-block-group-is-layout-constrained\">\n<div class=\"wp-block-cover alignfull\" style=\"padding-top:100px;padding-bottom:100px\"><img loading=\"lazy\" decoding=\"async\" width=\"1024\" height=\"653\" class=\"wp-block-cover__image-background wp-image-161 size-large\" alt=\"\" src=\"http:\/\/roadtriptropiquesmartinique.com\/wp-content\/uploads\/2026\/02\/c762976a-41ee-4fda-906a-924860a7b36c-1024x653.jpg\" data-object-fit=\"cover\" srcset=\"https:\/\/roadtriptropiquesmartinique.com\/wp-content\/uploads\/2026\/02\/c762976a-41ee-4fda-906a-924860a7b36c-1024x653.jpg 1024w, https:\/\/roadtriptropiquesmartinique.com\/wp-content\/uploads\/2026\/02\/c762976a-41ee-4fda-906a-924860a7b36c-300x191.jpg 300w, https:\/\/roadtriptropiquesmartinique.com\/wp-content\/uploads\/2026\/02\/c762976a-41ee-4fda-906a-924860a7b36c-768x490.jpg 768w, https:\/\/roadtriptropiquesmartinique.com\/wp-content\/uploads\/2026\/02\/c762976a-41ee-4fda-906a-924860a7b36c-1536x979.jpg 1536w, https:\/\/roadtriptropiquesmartinique.com\/wp-content\/uploads\/2026\/02\/c762976a-41ee-4fda-906a-924860a7b36c.jpg 1600w\" sizes=\"auto, (max-width: 1024px) 100vw, 1024px\" \/><span aria-hidden=\"true\" class=\"wp-block-cover__background has-ast-global-color-6-background-color has-background-dim-30 has-background-dim\"><\/span><div class=\"wp-block-cover__inner-container is-layout-constrained wp-block-cover-is-layout-constrained\">\n<p class=\"has-text-align-center has-ast-global-color-4-color has-text-color has-link-color has-large-font-size wp-elements-c54538d6d711bf114dc1b3da079e387e\" style=\"font-style:normal;font-weight:700\">Explorez la Martinique<\/p>\n\n\n\n<p class=\"has-text-align-center has-ast-global-color-4-color has-text-color has-link-color has-x-large-font-size wp-elements-9ca6ff81b66e7ca639ce40da7caaf6c1\" style=\"font-style:normal;font-weight:700;line-height:0\"><strong>EN MOTO<\/strong><\/p>\n\n\n\n<h2 class=\"wp-block-heading has-text-align-center has-ast-global-color-4-color has-text-color has-link-color wp-elements-a0b6e260d5b3720d0d9d4a6ebca2d797\">Road Trips &amp; S\u00e9jours moto cl\u00e9 en main<\/h2>\n\n\n\n<div class=\"wp-block-buttons is-layout-flex wp-block-buttons-is-layout-flex\"><\/div>\n<\/div><\/div>\n<\/div>\n\n\n\n<h2 class=\"wp-block-heading has-text-color has-link-color has-large-font-size wp-elements-7deb58bf4264c25d4735a1214becde66\" style=\"color:#444444;margin-top:40px;margin-right:0px;margin-bottom:0px;margin-left:0px\"><strong>D\u00e9couvrez la Martinique autrement<\/strong><\/h2>\n\n\n\n<p class=\"has-ast-global-color-1-color has-text-color has-link-color wp-elements-b0f7cc2f85b2c2c3cb03c1b61a7b5700\">Explorez l\u2019\u00eele aux fleurs \u00e0 moto gr\u00e2ce \u00e0 nos <strong>road trips guid\u00e9s, s\u00e9jours moto et locations de motos adapt\u00e9s \u00e0 tous les niveaux<\/strong>.<\/p>\n\n\n\n<p class=\"has-ast-global-color-1-color has-text-color has-link-color wp-elements-895d8e8b1cecbcbb1c8d0f94334713cb\">Chez <strong>Road Trip Tropiques Martinique<\/strong>, nous vous emmenons \u00e0 travers <strong>les plus beaux paysages de l\u2019\u00eele<\/strong> pour une aventure unique et inoubliable.<\/p>\n\n\n\n<p class=\"has-ast-global-color-1-color has-text-color has-link-color wp-elements-dbd42cbdd24c7d49bb46ed259f7b5ac9\">Que ce soit pour <strong>une journ\u00e9e, un s\u00e9jour ou une simple location<\/strong>, profitez de la Martinique autrement, <strong>en toute s\u00e9curit\u00e9<\/strong>.<\/p>\n\n\n\n<div class=\"wp-block-columns is-layout-flex wp-container-core-columns-is-layout-28f84493 wp-block-columns-is-layout-flex\">\n<div class=\"wp-block-column is-layout-flow wp-block-column-is-layout-flow\">\n<div class=\"wp-block-cover\"><img loading=\"lazy\" decoding=\"async\" width=\"768\" height=\"1024\" class=\"wp-block-cover__image-background wp-image-193\" alt=\"\" src=\"http:\/\/roadtriptropiquesmartinique.com\/wp-content\/uploads\/2026\/03\/8f5e67ec-fb93-4394-bde5-a76b6be07a39-768x1024.jpeg\" data-object-fit=\"cover\" srcset=\"https:\/\/roadtriptropiquesmartinique.com\/wp-content\/uploads\/2026\/03\/8f5e67ec-fb93-4394-bde5-a76b6be07a39-768x1024.jpeg 768w, https:\/\/roadtriptropiquesmartinique.com\/wp-content\/uploads\/2026\/03\/8f5e67ec-fb93-4394-bde5-a76b6be07a39-225x300.jpeg 225w, https:\/\/roadtriptropiquesmartinique.com\/wp-content\/uploads\/2026\/03\/8f5e67ec-fb93-4394-bde5-a76b6be07a39-1152x1536.jpeg 1152w, https:\/\/roadtriptropiquesmartinique.com\/wp-content\/uploads\/2026\/03\/8f5e67ec-fb93-4394-bde5-a76b6be07a39.jpeg 1200w\" sizes=\"auto, (max-width: 768px) 100vw, 768px\" \/><span aria-hidden=\"true\" class=\"wp-block-cover__background has-background-dim-30 has-background-dim\"><\/span><div class=\"wp-block-cover__inner-container is-layout-flow wp-block-cover-is-layout-flow\">\n<h2 class=\"wp-block-heading has-text-align-center has-ast-global-color-4-color has-text-color has-link-color wp-elements-6b544fe23706460d7cf22362c98363b3\">\ud83c\udfcd <a href=\"https:\/\/roadtriptropiquesmartinique.com\/index.php\/location-de-moto-en-martinique\/\" data-type=\"page\" data-id=\"35\">Location de Moto en Martinique<\/a><\/h2>\n\n\n\n<p class=\"has-text-align-center has-ast-global-color-4-color has-text-color has-link-color wp-elements-a3d1bbc6e0e3e00d90376c8e8f6398ff\">Explorez la Martinique en libert\u00e9<\/p>\n<\/div><\/div>\n<\/div>\n\n\n\n<div class=\"wp-block-column is-layout-flow wp-block-column-is-layout-flow\">\n<div class=\"wp-block-cover\"><img loading=\"lazy\" decoding=\"async\" width=\"768\" height=\"1024\" class=\"wp-block-cover__image-background wp-image-194\" alt=\"\" src=\"http:\/\/roadtriptropiquesmartinique.com\/wp-content\/uploads\/2026\/03\/f31be177-0f04-4b1a-8920-27ae1a124805-768x1024.jpeg\" data-object-fit=\"cover\" srcset=\"https:\/\/roadtriptropiquesmartinique.com\/wp-content\/uploads\/2026\/03\/f31be177-0f04-4b1a-8920-27ae1a124805-768x1024.jpeg 768w, https:\/\/roadtriptropiquesmartinique.com\/wp-content\/uploads\/2026\/03\/f31be177-0f04-4b1a-8920-27ae1a124805-225x300.jpeg 225w, https:\/\/roadtriptropiquesmartinique.com\/wp-content\/uploads\/2026\/03\/f31be177-0f04-4b1a-8920-27ae1a124805-1152x1536.jpeg 1152w, https:\/\/roadtriptropiquesmartinique.com\/wp-content\/uploads\/2026\/03\/f31be177-0f04-4b1a-8920-27ae1a124805.jpeg 1200w\" sizes=\"auto, (max-width: 768px) 100vw, 768px\" \/><span aria-hidden=\"true\" class=\"wp-block-cover__background has-background-dim-30 has-background-dim\"><\/span><div class=\"wp-block-cover__inner-container is-layout-flow wp-block-cover-is-layout-flow\">\n<h3 class=\"wp-block-heading has-text-align-center has-ast-global-color-4-color has-text-color has-link-color wp-elements-b6927f861bdc57126920ce9a9e117b1e\">\ud83c\udf34<a href=\"https:\/\/roadtriptropiquesmartinique.com\/index.php\/road-trip-moto-a-la-journee-en-martinique\/\" data-type=\"page\" data-id=\"39\">Road Trip Moto \u00e0 la Journ\u00e9e en Martinique<\/a><\/h3>\n\n\n\n<p class=\"has-text-align-center has-ast-global-color-4-color has-text-color has-link-color wp-elements-d9975fa2d2c137476c142ecb3a1bcda9\">D\u00e9couvrir les plus belles routes de l\u2019\u00eele<\/p>\n<\/div><\/div>\n<\/div>\n\n\n\n<div class=\"wp-block-column is-layout-flow wp-block-column-is-layout-flow\">\n<div class=\"wp-block-cover\"><img loading=\"lazy\" decoding=\"async\" width=\"749\" height=\"986\" class=\"wp-block-cover__image-background wp-image-195\" alt=\"\" src=\"http:\/\/roadtriptropiquesmartinique.com\/wp-content\/uploads\/2026\/03\/ee8f3edc-1631-4772-aa5d-49c190b26028.jpeg\" data-object-fit=\"cover\" srcset=\"https:\/\/roadtriptropiquesmartinique.com\/wp-content\/uploads\/2026\/03\/ee8f3edc-1631-4772-aa5d-49c190b26028.jpeg 749w, https:\/\/roadtriptropiquesmartinique.com\/wp-content\/uploads\/2026\/03\/ee8f3edc-1631-4772-aa5d-49c190b26028-228x300.jpeg 228w\" sizes=\"auto, (max-width: 749px) 100vw, 749px\" \/><span aria-hidden=\"true\" class=\"wp-block-cover__background has-background-dim-30 has-background-dim\"><\/span><div class=\"wp-block-cover__inner-container is-layout-flow wp-block-cover-is-layout-flow\">\n<h2 class=\"wp-block-heading has-text-align-center has-ast-global-color-4-color has-text-color has-link-color wp-elements-ece33b11e25d8d776d52c1c57ae080a0\">\ud83c\udf05<a href=\"https:\/\/roadtriptropiquesmartinique.com\/index.php\/sejours-road-trip-moto-martinique\/\" data-type=\"page\" data-id=\"43\">S\u00e9jours Road Trip Moto \u2013 Martinique<\/a><\/h2>\n\n\n\n<p class=\"has-text-align-center has-ast-global-color-4-color has-text-color has-link-color wp-elements-06330c2420c2dd58a87c2bb67b162b35\">Vivez plusieurs jours d\u2019aventure \u00e0 moto<\/p>\n<\/div><\/div>\n<\/div>\n<\/div>\n\n\n\n<h2 class=\"wp-block-heading has-text-color has-link-color wp-elements-15cb53a20ff8788445e052cf2b8cc0d2\" style=\"color:#444444\">Pourquoi choisir Road Trip Tropiques Martinique ?<\/h2>\n\n\n\n<div class=\"wp-block-columns has-background is-layout-flex wp-container-core-columns-is-layout-28f84493 wp-block-columns-is-layout-flex\" style=\"background-color:#d0d5db42\">\n<div class=\"wp-block-column is-layout-flow wp-block-column-is-layout-flow\">\n<h3 class=\"wp-block-heading has-text-align-center\">\ud83c\udfcd Motos fiables et confortables<\/h3>\n\n\n\n<p class=\"has-text-align-center\">Des motos adapt\u00e9es aux routes de Martinique pour rouler en toute s\u00e9curit\u00e9 et profiter pleinement de votre road trip.<\/p>\n<\/div>\n\n\n\n<div class=\"wp-block-column is-layout-flow wp-block-column-is-layout-flow\">\n<h3 class=\"wp-block-heading has-text-align-center\">\ud83c\udf34 Les plus belles routes de l\u2019\u00eele<\/h3>\n\n\n\n<p class=\"has-text-align-center\">Nous vous guidons vers les plus beaux paysages de Martinique : routes c\u00f4ti\u00e8res, montagne, plages et villages authentiques.<\/p>\n<\/div>\n\n\n\n<div class=\"wp-block-column is-layout-flow wp-block-column-is-layout-flow\">\n<h3 class=\"wp-block-heading has-text-align-center\">\ud83e\udded Une exp\u00e9rience locale unique<\/h3>\n\n\n\n<p class=\"has-text-align-center\">Avec Road Trip Tropiques Martinique, d\u00e9couvrez l\u2019\u00eele autrement gr\u00e2ce \u00e0 une exp\u00e9rience moto conviviale et authentique.<\/p>\n<\/div>\n<\/div>\n\n\n<pre class=\"ti-widget\"><template id=\"trustindex-google-widget-html\"><div class=\" ti-widget  ti-goog ti-review-text-mode-readmore ti-text-align-center\" data-no-translation=\"true\" data-time-locale=\"il y a %d %s|aujourd'hui|jour|jours|semaine|semaines|mois|mois|ann\u00e9e|ans\" data-plugin-version=\"13.2.8\" data-layout-id=\"4\" data-layout-category=\"slider\" data-set-id=\"light-background\" data-pid=\"\" data-language=\"fr\" data-close-locale=\"Fermer\" data-review-target-width=\"300\" data-css-version=\"2\" data-reply-by-locale=\"R\u00e9ponse du propri\u00e9taire\" data-only-rating-locale=\"Cet utilisateur a uniquement laiss\u00e9 une \u00e9valuation.\" data-pager-autoplay-timeout=\"6\"> <div class=\"ti-widget-container ti-col-3\"> <div class=\"ti-reviews-container\"> <div class=\"ti-controls\"> <div class=\"ti-next\" aria-label=\"Avis suivante\" role=\"button\" tabindex=\"0\"><\/div> <div class=\"ti-prev\" aria-label=\"Avis pr\u00e9c\u00e9dent\" role=\"button\" tabindex=\"0\"><\/div> <\/div> <div class=\"ti-reviews-container-wrapper\">  <div data-empty=\"0\" data-time=\"1774051200\" class=\"ti-review-item source-Google ti-image-layout-thumbnail\" data-id=\"cfcd208495d565ef66e7dff9f98764da\"> <div class=\"ti-inner\"> <div class=\"ti-review-header\"> <div class=\"ti-platform-icon ti-with-tooltip\"> <span class=\"ti-tooltip\">Publi\u00e9 sur <\/span> <trustindex-image data-imgurl=\"https:\/\/cdn.trustindex.io\/assets\/platform\/Google\/icon.svg\" alt=\"\" width=\"20\" height=\"20\" loading=\"lazy\"><\/trustindex-image> <\/div> <div class=\"ti-profile-img\"> <trustindex-image data-imgurl=\"https:\/\/lh3.googleusercontent.com\/a-\/ALV-UjXNvqD_u0aeDQ2Hn9sQZ97NqPowC7Mz3BlSxYg2VWrcVFTJhC0Y9Q=w40-h40-c-rp-mo-br100\" alt=\"Murielle Bermejo profile picture\" loading=\"lazy\"><\/trustindex-image> <\/div> <div class=\"ti-profile-details\"> <div class=\"ti-name\"> Murielle Bermejo <\/div> <div class=\"ti-date\"><\/div> <\/div> <\/div> <span class=\"ti-stars\"><trustindex-image class=\"ti-star\" data-imgurl=\"https:\/\/cdn.trustindex.io\/assets\/platform\/Google\/star\/f.svg\" alt=\"Google\" width=\"17\" height=\"17\" loading=\"lazy\"><\/trustindex-image><trustindex-image class=\"ti-star\" data-imgurl=\"https:\/\/cdn.trustindex.io\/assets\/platform\/Google\/star\/f.svg\" alt=\"Google\" width=\"17\" height=\"17\" loading=\"lazy\"><\/trustindex-image><trustindex-image class=\"ti-star\" data-imgurl=\"https:\/\/cdn.trustindex.io\/assets\/platform\/Google\/star\/f.svg\" alt=\"Google\" width=\"17\" height=\"17\" loading=\"lazy\"><\/trustindex-image><trustindex-image class=\"ti-star\" data-imgurl=\"https:\/\/cdn.trustindex.io\/assets\/platform\/Google\/star\/f.svg\" alt=\"Google\" width=\"17\" height=\"17\" loading=\"lazy\"><\/trustindex-image><trustindex-image class=\"ti-star\" data-imgurl=\"https:\/\/cdn.trustindex.io\/assets\/platform\/Google\/star\/f.svg\" alt=\"Google\" width=\"17\" height=\"17\" loading=\"lazy\"><\/trustindex-image><span class=\"ti-verified-review ti-verified-platform\"><span class=\"ti-verified-tooltip\">Trustindex v\u00e9rifie que la source originale de l'avis est Google.<\/span><\/span><\/span> <div class=\"ti-review-text-container ti-review-content\"><!-- R-CONTENT -->Super projet de location de moto en Martinique ! Une \u00e9quipe passionn\u00e9e et tr\u00e8s accueillante. \u00c7a donne vraiment envie de d\u00e9couvrir l\u2019\u00eele en road trip moto.<!-- R-CONTENT --><\/div> <span class=\"ti-read-more\" data-container=\".ti-review-content\" data-collapse-text=\"Cacher\" data-open-text=\"Lire la suite\"><\/span> <\/div> <\/div>  <\/div> <div class=\"ti-controls-line\"> <div class=\"dot\"><\/div> <\/div> <\/div>    <div class=\"ti-verified-by ti-verified-by-row\" data-style=\"1\"> <div class=\"ti-inner\"> Certifi\u00e9 par: Trustindex <span class=\"ti-info-icon\"><\/span> <div class=\"ti-disclaimer\">Le badge v\u00e9rifi\u00e9 de Trustindex est le symbole universel de confiance. Seules les meilleures entreprises peuvent obtenir le badge v\u00e9rifi\u00e9, avec une note sup\u00e9rieure \u00e0 4.5, bas\u00e9e sur les avis des clients au cours des derniers 12 mois. <a href=\"https:\/\/www.trustindex.io\/?a=sys&amp;c=wp-verified-badge&amp;url=\/the-trustindex-verified-badge\/\" target=\"_blank\">En savoir plus<\/a><\/div> <\/div> <\/div>  <\/div> <\/div> <\/template><\/pre><div data-src=\"https:\/\/cdn.trustindex.io\/loader.js?wp-widget\" data-template-id=\"trustindex-google-widget-html\" data-css-url=\"https:\/\/roadtriptropiquesmartinique.com\/wp-content\/uploads\/trustindex-google-widget.css?1774104604\"><\/div>\n\n\n\n<p><\/p>\n","protected":false},"excerpt":{"rendered":"<p>D\u00e9couvrez la Martinique autrement Explorez l\u2019\u00eele aux fleurs \u00e0 moto gr\u00e2ce \u00e0 nos road trips guid\u00e9s, s\u00e9jours moto et locations [&hellip;]<\/p>\n","protected":false},"author":1,"featured_media":0,"parent":0,"menu_order":0,"comment_status":"closed","ping_status":"closed","template":"","meta":{"site-sidebar-layout":"default","site-content-layout":"","ast-site-content-layout":"default","site-content-style":"default","site-sidebar-style":"default","ast-global-header-display":"","ast-banner-title-visibility":"","ast-main-header-display":"","ast-hfb-above-header-display":"","ast-hfb-below-header-display":"","ast-hfb-mobile-header-display":"","site-post-title":"disabled","ast-breadcrumbs-content":"","ast-featured-img":"","footer-sml-layout":"","ast-disable-related-posts":"","theme-transparent-header-meta":"","adv-header-id-meta":"","stick-header-meta":"","header-above-stick-meta":"","header-main-stick-meta":"","header-below-stick-meta":"","astra-migrate-meta-layouts":"default","ast-page-background-enabled":"default","ast-page-background-meta":{"desktop":{"background-color":"var(--ast-global-color-5)","background-image":"","background-repeat":"repeat","background-position":"center center","background-size":"auto","background-attachment":"scroll","background-type":"","background-media":"","overlay-type":"","overlay-color":"","overlay-opacity":"","overlay-gradient":""},"tablet":{"background-color":"","background-image":"","background-repeat":"repeat","background-position":"center center","background-size":"auto","background-attachment":"scroll","background-type":"","background-media":"","overlay-type":"","overlay-color":"","overlay-opacity":"","overlay-gradient":""},"mobile":{"background-color":"","background-image":"","background-repeat":"repeat","background-position":"center center","background-size":"auto","background-attachment":"scroll","background-type":"","background-media":"","overlay-type":"","overlay-color":"","overlay-opacity":"","overlay-gradient":""}},"ast-content-background-meta":{"desktop":{"background-color":"var(--ast-global-color-4)","background-image":"","background-repeat":"repeat","background-position":"center center","background-size":"auto","background-attachment":"scroll","background-type":"","background-media":"","overlay-type":"","overlay-color":"","overlay-opacity":"","overlay-gradient":""},"tablet":{"background-color":"var(--ast-global-color-4)","background-image":"","background-repeat":"repeat","background-position":"center center","background-size":"auto","background-attachment":"scroll","background-type":"","background-media":"","overlay-type":"","overlay-color":"","overlay-opacity":"","overlay-gradient":""},"mobile":{"background-color":"var(--ast-global-color-4)","background-image":"","background-repeat":"repeat","background-position":"center center","background-size":"auto","background-attachment":"scroll","background-type":"","background-media":"","overlay-type":"","overlay-color":"","overlay-opacity":"","overlay-gradient":""}},"footnotes":""},"class_list":["post-11","page","type-page","status-publish","hentry"],"_links":{"self":[{"href":"https:\/\/roadtriptropiquesmartinique.com\/index.php\/wp-json\/wp\/v2\/pages\/11","targetHints":{"allow":["GET"]}}],"collection":[{"href":"https:\/\/roadtriptropiquesmartinique.com\/index.php\/wp-json\/wp\/v2\/pages"}],"about":[{"href":"https:\/\/roadtriptropiquesmartinique.com\/index.php\/wp-json\/wp\/v2\/types\/page"}],"author":[{"embeddable":true,"href":"https:\/\/roadtriptropiquesmartinique.com\/index.php\/wp-json\/wp\/v2\/users\/1"}],"replies":[{"embeddable":true,"href":"https:\/\/roadtriptropiquesmartinique.com\/index.php\/wp-json\/wp\/v2\/comments?post=11"}],"version-history":[{"count":58,"href":"https:\/\/roadtriptropiquesmartinique.com\/index.php\/wp-json\/wp\/v2\/pages\/11\/revisions"}],"predecessor-version":[{"id":225,"href":"https:\/\/roadtriptropiquesmartinique.com\/index.php\/wp-json\/wp\/v2\/pages\/11\/revisions\/225"}],"wp:attachment":[{"href":"https:\/\/roadtriptropiquesmartinique.com\/index.php\/wp-json\/wp\/v2\/media?parent=11"}],"curies":[{"name":"wp","href":"https:\/\/api.w.org\/{rel}","templated":true}]}}